{"id":684,"date":"2020-12-28T07:52:56","date_gmt":"2020-12-28T07:52:56","guid":{"rendered":"https:\/\/alicom.md\/?post_type=product&#038;p=684"},"modified":"2026-03-30T09:53:07","modified_gmt":"2026-03-30T09:53:07","slug":"lampa-bactericida-230w-suport-cu-rotile","status":"publish","type":"product","link":"https:\/\/alicom.md\/ru\/shop\/utilaj-bactericid\/lampa-bactericida-230w-suport-cu-rotile\/","title":{"rendered":"\u0411\u0430\u043a\u0442\u0435\u0440\u0438\u0446\u0438\u0434\u043d\u0430\u044f \u043b\u0430\u043c\u043f\u0430 2 * 30\u0412\u0442 \u043d\u0430 \u043a\u043e\u043b\u0435\u0441\u043d\u043e\u0439 \u043e\u043f\u043e\u0440\u0435"},"content":{"rendered":"<h5>\u0411\u0430\u043a\u0442\u0435\u0440\u0438\u0446\u0438\u0434\u043d\u0430\u044f \u043b\u0430\u043c\u043f\u0430 2 * 30\u0412\u0442 \u043d\u0430 \u043a\u043e\u043b\u0435\u0441\u043d\u043e\u0439 \u043e\u043f\u043e\u0440\u0435<\/h5>\n<p>\u041c\u0430\u0442\u0435\u0440\u0438\u0430\u043b \u043a\u043e\u0440\u043f\u0443\u0441\u0430: \u0421\u0442\u0430\u043b\u044c, \u043a\u0440\u0430\u0448\u0435\u043d\u043d\u0430\u044f<br \/>\n\u0420\u0430\u0437\u043c\u0435\u0440\u044b: 1700\u043c\u043c X 200 \u043c\u043c X 120\u043c\u043c<br \/>\n&#8211; Prev\u0103zut\u0103 cu 2 tuburi generator de radia\u021bie UV-C (lungime de und\u0103 253,7nm);<br \/>\n- \u0421\u0440\u043e\u043a \u0441\u043b\u0443\u0436\u0431\u044b \u0423\u0424-\u0442\u0440\u0443\u0431\u043e\u043a \u0434\u043e 15% \u0441\u043d\u0438\u0436\u0435\u043d\u0438\u044f \u0423\u0424-\u0438\u0437\u043b\u0443\u0447\u0435\u043d\u0438\u044f: \u043c\u0438\u043d\u0438\u043c\u0443\u043c 8000 \u0447\u0430\u0441\u043e\u0432;<br \/>\n- \u0422\u0438\u043f \u043a\u0440\u0435\u043f\u043b\u0435\u043d\u0438\u044f: \u0432\u044b\u043d\u043e\u0441\u043d\u0430\u044f \u043f\u043e\u0434\u0441\u0442\u0430\u0432\u043a\u0430;<br \/>\n&#8211; Alimentare: 220V \/ 50Hz, cablu de alimentare cu intrerupator on\/off;<br \/>\n- \u0413\u0430\u0440\u0430\u043d\u0442\u0438\u0439\u043d\u044b\u0439 \u0441\u0440\u043e\u043a 12 \u043c\u0435\u0441\u044f\u0446\u0435\u0432.<\/p>\n<p>\u0412\u0420\u0415\u041c\u042f \u0421\u0422\u0415\u0420\u0418\u041b\u0418\u0417\u0410\u0426\u0418\u0418: \u043f\u043e\u043c\u0435\u0441\u0442\u0438\u0442\u0435 \u043b\u0430\u043c\u043f\u0443 \u0432 \u0446\u0435\u043d\u0442\u0440 \u043a\u0430\u043c\u0435\u0440\u044b \u0438 \u0441\u043b\u0435\u0434\u0443\u0439\u0442\u0435 \u0438\u043d\u0441\u0442\u0440\u0443\u043a\u0446\u0438\u044f\u043c:<br \/>\nSuprafata Timp sterilizare<br \/>\n- 0-30 \u043c\u043f 10 \u043c\u0438\u043d<br \/>\n\u0418\u0441\u0442\u043e\u0447\u043d\u0438\u043a \u0438\u0437\u043b\u0443\u0447\u0435\u043d\u0438\u044f \u2013 2\/4 \u0431\u0430\u043a\u0442\u0435\u0440\u0438\u0446\u0438\u0434\u043d\u044b\u0435 \u043b\u0430\u043c\u043f\u044b, \u043c\u043e\u0449\u043d\u043e\u0441\u0442\u044c\u044e 30W<br \/>\n\u041a\u043e\u043d\u0441\u0442\u0440\u0443\u043a\u0446\u0438\u044f \u0441\u043e\u0441\u0442\u043e\u0438\u0442 \u0438\u0437 \u0441\u0442\u0430\u043b\u044c\u043d\u043e\u0433\u043e \u043a\u043e\u0440\u043f\u0443\u0441\u0430 \u0441 \u0434\u0432\u0443\u043c\u044f \u044d\u043a\u0440\u0430\u043d\u0430\u043c\u0438 \u0438\u0437 \u043d\u0435\u0440\u0436\u0430\u0432\u0435\u044e\u0449\u0435\u0439 \u0441\u0442\u0430\u043b\u0438, \u0441 \u0448\u043d\u0443\u0440\u043e\u043c \u043f\u043e\u0434\u043a\u043b\u044e\u0447\u0435\u043d\u0438\u044f \u043a \u0440\u043e\u0437\u0435\u0442\u043a\u0438 \u0441 \u0437\u0430\u0437\u0435\u043c\u043b\u0435\u043d\u0438\u0435\u043c, \u043d\u043e\u0436\u043a\u0438 \u0434\u043b\u044f \u0444\u0438\u043a\u0441\u0430\u0446\u0438\u0438 \u043d\u0430 \u043f\u043e\u043b\u0443. (\u041f\u0435\u0440\u0435\u0434\u0432\u0438\u0436\u043d\u0430\u044f \u0434\u043b\u044f \u0432\u043e\u0437\u043c\u043e\u0436\u043d\u043e\u0439 \u0431\u044b\u0441\u0442\u0440\u043e\u0439 \u0443\u0441\u0442\u0430\u043d\u043e\u0432\u043a\u0435 \u0432 \u0440\u0430\u0437\u043d\u044b\u0445 \u043f\u043e\u043c\u0435\u0449\u0435\u043d\u0438\u044f\u0445).<br \/>\n&#8211; 80 \u2013 100 mp 30 min<br \/>\n&#8211; 100-120 mp 90 min<\/p>\n<p>\u041f\u0420\u0418\u041b\u041e\u0416\u0415\u041d\u0418\u042f:<br \/>\nDezinfec\u021bia aerului \u0219i suprafe\u021belor din \u00eenc\u0103peri cu \u00eenc\u0103rc\u0103tura microbian\u0103 mare prin intermediul radia\u021biei UV (spitale, laboratoare de analize<br \/>\nmedicale, laboratoare de microbiologie, s\u0103li de opera\u021bie, cabinete medicale individuale CMI, cabinete stomatologice, s\u0103li a\u0219teptare, produc\u021bia de<br \/>\nmedicamente, produse naturiste etc).<\/p>\n<p>\u0420\u0410\u0417\u0420\u0423\u0428\u0415\u041d\u041d\u042b\u0415 \u041c\u0418\u041a\u0420\u041e\u041e\u0420\u0413\u0410\u041d\u0418\u0417\u041c\u042b: \u0431\u0430\u043a\u0442\u0435\u0440\u0438\u0438, \u0432\u0438\u0440\u0443\u0441\u044b, \u0441\u043f\u043e\u0440\u044b \u043f\u043b\u0435\u0441\u0435\u043d\u0438, \u0434\u0440\u043e\u0436\u0436\u0438, \u0432\u043e\u0434\u043e\u0440\u043e\u0441\u043b\u0438, \u043f\u0440\u043e\u0441\u0442\u0435\u0439\u0448\u0438\u0435 \u0438 \u0442. \u0414.<\/p>\n<p>MOD DE INSTALARE:<br \/>\n1. \u00cendep\u0103rta\u021bi corpul protector \u0219i tubul bactericid.<br \/>\n2. Conecta\u021bi cablurile electrice la blocul terminal pentru conexiuni.<br \/>\n3. \u00cen interiorul cutiei ve\u021bi g\u0103si \u0219uruburile corespunz\u0103toare cu ajutorul c\u0103rora se realizeaz\u0103 fixarea acestuia pe perete.<br \/>\n4. Dup\u0103 montare pute\u021bi porni tensiunea de alimentare a instala\u021biei electrice.<\/p>\n<h5>\u0412\u041d\u0418\u041c\u0410\u041d\u0418\u0415 !!!<\/h5>\n<p>1. \u041f\u0435\u0440\u0435\u0434 \u0432\u043a\u043b\u044e\u0447\u0435\u043d\u0438\u0435\u043c \u043b\u0430\u043c\u043f\u044b \u0443\u0431\u0435\u0434\u0438\u0442\u0435\u0441\u044c, \u0447\u0442\u043e \u0432 \u043a\u043e\u043c\u043d\u0430\u0442\u0435 \u043d\u0435 \u043e\u0441\u0442\u0430\u043b\u043e\u0441\u044c \u043b\u044e\u0434\u0435\u0439, \u0436\u0438\u0432\u043e\u0442\u043d\u044b\u0445 \u0438\u043b\u0438 \u0440\u0430\u0441\u0442\u0435\u043d\u0438\u0439.<br \/>\n2. \u0423\u043b\u044c\u0442\u0440\u0430\u0444\u0438\u043e\u043b\u0435\u0442\u043e\u0432\u044b\u0439 \u0441\u0432\u0435\u0442, \u043e\u0442\u0440\u0430\u0436\u0435\u043d\u043d\u044b\u0439, \u043d\u0430\u043f\u0440\u0438\u043c\u0435\u0440, \u043e\u0442 \u0437\u0435\u0440\u043a\u0430\u043b\u0430, \u043c\u043e\u0436\u0435\u0442 \u0431\u044b\u0442\u044c \u0441\u0442\u043e\u043b\u044c \u0436\u0435 \u0432\u0440\u0435\u0434\u043d\u044b\u043c \u0434\u043b\u044f \u043a\u043e\u0436\u0438 \u0438 \u0433\u043b\u0430\u0437.<br \/>\n\u041e\u0431\u043b\u0443\u0447\u0435\u043d\u043d\u043e\u0441\u0442\u044c \u043d\u0430 \u0440\u0430\u0441\u0441\u0442\u043e\u044f\u043d\u0438\u0438 1 \u043c\u2026\u2026\u2026\u20261 \u0412\u0442\/\u043c.\u043a\u0432<br \/>\n\u0421\u0443\u043c\u043c\u0430\u0440\u043d\u044b\u0439 \u0431\u0430\u043a\u0442\u0435\u0440\u0438\u0446\u0438\u0434\u043d\u044b\u0439 \u043f\u043e\u0442\u043e\u043a\u2026\u2026\u2026.60 \u0412\u0442<\/p>\n<p>\u041f\u0438\u0442\u0430\u043d\u0438\u0435\u2026\u2026\u2026\u2026\u2026\u2026\u2026\u2026\u2026\u2026\u2026\u2026\u2026\u2026..220 \u0412\/50 \u0413\u0446<br \/>\n\u041a\u043b\u0438\u043c\u0430\u0442\u0438\u0447\u0435\u0441\u043a\u043e\u0435 \u0438\u0441\u043f\u043e\u043b\u043d\u0435\u043d\u0438\u0435, \u0413\u041e\u0421\u0422 15150-69 - \u0423\u0425\u041b 4.2<br \/>\n\u041f\u043e\u0442\u0440\u0435\u0431\u043b\u044f\u0435\u043c\u0430\u044f \u043c\u043e\u0449\u043d\u043e\u0441\u0442\u044c \u043d\u0435 \u0431\u043e\u043b\u0435\u0435 95 \u0412\u0442<br \/>\n6. \u041d\u0435 \u0441\u043c\u043e\u0442\u0440\u0438\u0442\u0435 \u043f\u0440\u044f\u043c\u043e \u043d\u0430 \u043b\u0430\u043c\u043f\u0443 \u0432\u043e \u0432\u0440\u0435\u043c\u044f \u0438\u0441\u043f\u043e\u043b\u044c\u0437\u043e\u0432\u0430\u043d\u0438\u044f.<br \/>\n\u0413\u0430\u0440\u0430\u043d\u0442\u0438\u044f \u2013 1 \u0433\u043e\u0434<br \/>\n\u041a\u043e\u043c\u043f\u043b\u0435\u043a\u0442 \u043f\u043e\u0441\u0442\u0430\u0432\u043a\u0438: \u043e\u0431\u043b\u0443\u0447\u0430\u0442\u0435\u043b\u044c (2 \u043a\u0430\u0440\u043a\u0430\u0441\u0430 \u043d\u0430 \u0441\u0442\u043e\u0439\u043a\u0435), \u043d\u043e\u0436\u043a\u0430 \u0442\u0440\u0435\u0445\u043d\u043e\u0433\u0430. (\u0412\u043e\u0437\u043c\u043e\u0436\u043d\u043e \u043a\u043e\u043c\u043f\u043b\u0435\u043a\u0442\u0430\u0446\u0438\u044f: \u0441 \u0442\u0430\u0439\u043c\u0435\u0440\u043e\u043c \u0438 \u0434\u0430\u0442\u0447\u0438\u043a\u043e\u043c \u043e\u0442\u043a\u043b\u044e\u0447\u0435\u043d\u0438\u044f \u043b\u0430\u043c\u043f\u044b \u0432 \u0441\u043b\u0443\u0447\u0430\u0438, \u0441\u043b\u0443\u0447\u0430\u0439\u043d\u043e\u0433\u043e \u0432\u0445\u043e\u0436\u0434\u0435\u043d\u0438\u044f \u0432 \u043f\u043e\u043c\u0435\u0449\u0435\u043d\u0438\u0438 \u043f\u043e\u0441\u0442\u043e\u0440\u043e\u043d\u043d\u0435\u0433\u043e \u043b\u0438\u0446\u0430) .<br \/>\n8. \u0412\u044b\u043a\u043b\u044e\u0447\u0430\u0439\u0442\u0435 \u043b\u0430\u043c\u043f\u0443, \u043a\u043e\u0433\u0434\u0430 \u0445\u043e\u0442\u0438\u0442\u0435 \u0435\u0435 \u043e\u0447\u0438\u0441\u0442\u0438\u0442\u044c.<br \/>\n9. Daca temperatura camerei este mai mica de 20 grade Celsius sau mai mare de 40 grade Celsius, timpul de sterilizare trebuie extins.<br \/>\n10. Dupa ce s-a incheiat ciclul de sterilizarea al incaperii nu intrati imediat, incinta trebuie aerisita minim 15-30 minute.<br \/>\n11. \u041d\u0435 \u043e\u0441\u0442\u0430\u0432\u043b\u044f\u0439\u0442\u0435 \u0434\u0435\u0442\u0435\u0439 \u0440\u044f\u0434\u043e\u043c \u0441 \u0443\u0441\u0442\u0440\u043e\u0439\u0441\u0442\u0432\u043e\u043c.<\/p>\n<p class=\" translation-block\">\u042d\u0442\u043e\u0442 \u0441\u0438\u043c\u0432\u043e\u043b \u0443\u043a\u0430\u0437\u044b\u0432\u0430\u0435\u0442 \u043d\u0430 \u0442\u043e, \u0447\u0442\u043e \u044d\u0442\u043e\u0442 \u043f\u0440\u043e\u0434\u0443\u043a\u0442 \u0441\u043e\u0431\u0438\u0440\u0430\u0435\u0442\u0441\u044f \u043e\u0442\u0434\u0435\u043b\u044c\u043d\u043e. \u041e\u0442\u0440\u0430\u0431\u043e\u0442\u0430\u043d\u043d\u043e\u0435 \u044d\u043b\u0435\u043a\u0442\u0440\u0438\u0447\u0435\u0441\u043a\u043e\u0435 \u0438 \u044d\u043b\u0435\u043a\u0442\u0440\u043e\u043d\u043d\u043e\u0435 \u043e\u0431\u043e\u0440\u0443\u0434\u043e\u0432\u0430\u043d\u0438\u0435 \u0441\u043b\u0435\u0434\u0443\u0435\u0442 \u0441\u043e\u0431\u0438\u0440\u0430\u0442\u044c \u043e\u0442\u0434\u0435\u043b\u044c\u043d\u043e \u0438 \u043d\u0435 \u0432\u044b\u0431\u0440\u0430\u0441\u044b\u0432\u0430\u0442\u044c \u0432\u043c\u0435\u0441\u0442\u0435 \u0441 \u0431\u044b\u0442\u043e\u0432\u044b\u043c\u0438 \u043e\u0442\u0445\u043e\u0434\u0430\u043c\u0438. \u041e\u0442\u0440\u0430\u0431\u043e\u0442\u0430\u043d\u043d\u043e\u0435 \u044d\u043b\u0435\u043a\u0442\u0440\u0438\u0447\u0435\u0441\u043a\u043e\u0435 \u0438 \u044d\u043b\u0435\u043a\u0442\u0440\u043e\u043d\u043d\u043e\u0435 \u043e\u0431\u043e\u0440\u0443\u0434\u043e\u0432\u0430\u043d\u0438\u0435 \u043d\u0435\u043e\u0431\u0445\u043e\u0434\u0438\u043c\u043e \u0441\u0434\u0430\u0432\u0430\u0442\u044c \u0432 \u0441\u0438\u0441\u0442\u0435\u043c\u0443 \u0441\u0431\u043e\u0440\u0430 \u0432 \u0441\u043e\u043e\u0442\u0432\u0435\u0442\u0441\u0442\u0432\u0438\u0438 \u0441 \u0414\u0438\u0440\u0435\u043a\u0442\u0438\u0432\u043e\u0439 2012\/19 \/ EU. \u042d\u043b\u0435\u043a\u0442\u0440\u0438\u0447\u0435\u0441\u043a\u043e\u0435 \u0438 \u044d\u043b\u0435\u043a\u0442\u0440\u043e\u043d\u043d\u043e\u0435 \u043e\u0431\u043e\u0440\u0443\u0434\u043e\u0432\u0430\u043d\u0438\u0435 \u043e\u043f\u0430\u0441\u043d\u043e \u0434\u043b\u044f \u043e\u043a\u0440\u0443\u0436\u0430\u044e\u0449\u0435\u0439 \u0441\u0440\u0435\u0434\u044b \u0438 \u0437\u0434\u043e\u0440\u043e\u0432\u044c\u044f \u0447\u0435\u043b\u043e\u0432\u0435\u043a\u0430 \u0438\u0437-\u0437\u0430 \u043d\u0430\u043b\u0438\u0447\u0438\u044f \u0432 \u0435\u0433\u043e \u0441\u043e\u0441\u0442\u0430\u0432\u0435 \u043e\u043f\u0430\u0441\u043d\u044b\u0445 \u0432\u0435\u0449\u0435\u0441\u0442\u0432. \u0414\u043b\u044f \u043f\u043e\u043b\u0443\u0447\u0435\u043d\u0438\u044f \u0434\u043e\u043f\u043e\u043b\u043d\u0438\u0442\u0435\u043b\u044c\u043d\u043e\u0439 \u0438\u043d\u0444\u043e\u0440\u043c\u0430\u0446\u0438\u0438 \u043e \u0434\u043e\u0441\u0442\u0430\u0432\u043a\u0435 \u0438 \u0441\u0431\u043e\u0440\u0435 \u0431\u044b\u0432\u0448\u0435\u0433\u043e \u0432 \u0443\u043f\u043e\u0442\u0440\u0435\u0431\u043b\u0435\u043d\u0438\u0438 \u044d\u043b\u0435\u043a\u0442\u0440\u0438\u0447\u0435\u0441\u043a\u043e\u0433\u043e \u0438 \u044d\u043b\u0435\u043a\u0442\u0440\u043e\u043d\u043d\u043e\u0433\u043e \u043e\u0431\u043e\u0440\u0443\u0434\u043e\u0432\u0430\u043d\u0438\u044f, \u043f\u043e\u0436\u0430\u043b\u0443\u0439\u0441\u0442\u0430, \u0441\u0432\u044f\u0436\u0438\u0442\u0435\u0441\u044c \u0441 \u043c\u0435\u0441\u0442\u043d\u044b\u043c\u0438 \u0438 \u0446\u0435\u043d\u0442\u0440\u0430\u043b\u044c\u043d\u044b\u043c\u0438 \u043e\u0440\u0433\u0430\u043d\u0430\u043c\u0438 \u043f\u043e \u0441\u0431\u043e\u0440\u0443 \u043c\u0443\u0441\u043e\u0440\u0430, \u0443\u043f\u043e\u043b\u043d\u043e\u043c\u043e\u0447\u0435\u043d\u043d\u044b\u043c\u0438 \u0434\u043b\u044f \u044d\u0442\u043e\u0439 \u0446\u0435\u043b\u0438.<\/p>\n<div style=\"width: 300px;\" class=\"wp-video\"><!--[if lt IE 9]><script>document.createElement('video');<\/script><![endif]-->\n<video class=\"wp-video-shortcode\" id=\"video-684-1\" width=\"300\" height=\"200\" preload=\"metadata\" controls=\"controls\"><source type=\"video\/mp4\" src=\"https:\/\/alicom.md\/wp-content\/uploads\/2020\/12\/YouCut_20210129_162633442.mp4?_=1\" \/><a href=\"https:\/\/alicom.md\/wp-content\/uploads\/2020\/12\/YouCut_20210129_162633442.mp4\">https:\/\/alicom.md\/wp-content\/uploads\/2020\/12\/YouCut_20210129_162633442.mp4<\/a><\/video><\/div>\n<p>&nbsp;<\/p>\n<p><a href=\"https:\/\/alicom.md\/wp-content\/uploads\/2020\/12\/Aviz-sanitar.jpg\"><img loading=\"lazy\" decoding=\"async\" class=\"alignnone size-thumbnail wp-image-700\" src=\"https:\/\/alicom.md\/wp-content\/uploads\/2020\/12\/Aviz-sanitar-150x150.jpg\" alt=\"\" width=\"150\" height=\"150\" srcset=\"https:\/\/alicom.md\/wp-content\/uploads\/2020\/12\/Aviz-sanitar-150x150.jpg 150w, https:\/\/alicom.md\/wp-content\/uploads\/2020\/12\/Aviz-sanitar-600x600.jpg 600w, https:\/\/alicom.md\/wp-content\/uploads\/2020\/12\/Aviz-sanitar-300x300.jpg 300w, https:\/\/alicom.md\/wp-content\/uploads\/2020\/12\/Aviz-sanitar-100x100.jpg 100w\" sizes=\"auto, (max-width: 150px) 100vw, 150px\" \/><\/a><a href=\"https:\/\/alicom.md\/wp-content\/uploads\/2020\/12\/Anexa-aviz-sanitar.jpg\"><img loading=\"lazy\" decoding=\"async\" class=\"alignnone size-thumbnail wp-image-699\" src=\"https:\/\/alicom.md\/wp-content\/uploads\/2020\/12\/Anexa-aviz-sanitar-150x150.jpg\" alt=\"\" width=\"150\" height=\"150\" srcset=\"https:\/\/alicom.md\/wp-content\/uploads\/2020\/12\/Anexa-aviz-sanitar-150x150.jpg 150w, https:\/\/alicom.md\/wp-content\/uploads\/2020\/12\/Anexa-aviz-sanitar-600x600.jpg 600w, https:\/\/alicom.md\/wp-content\/uploads\/2020\/12\/Anexa-aviz-sanitar-300x300.jpg 300w, https:\/\/alicom.md\/wp-content\/uploads\/2020\/12\/Anexa-aviz-sanitar-100x100.jpg 100w\" sizes=\"auto, (max-width: 150px) 100vw, 150px\" \/><\/a><\/p>\n<h5><strong>\u041e\u043f\u0438\u0441\u0430\u043d\u0438\u0435 \u043f\u0440\u043e\u0434\u0443\u043a\u0442\u0430 \u0438 \u0438\u043d\u0441\u0442\u0440\u0443\u043a\u0446\u0438\u0438 \u043f\u043e \u0438\u0441\u043f\u043e\u043b\u044c\u0437\u043e\u0432\u0430\u043d\u0438\u044e \u0432 \u043f\u0440\u0438\u043b\u0430\u0433\u0430\u0435\u043c\u043e\u043c PDF-\u0444\u0430\u0439\u043b\u0435.<\/strong><\/h5>\n<p><a href=\"https:\/\/alicom.md\/wp-content\/uploads\/2020\/08\/modificat-2-la-30w.pdf\"><img loading=\"lazy\" decoding=\"async\" class=\"alignnone wp-image-523 size-thumbnail\" src=\"https:\/\/alicom.md\/wp-content\/uploads\/2020\/09\/kisspng-adobe-acrobat-adobe-reader-computer-icons-pdf-down-pdf-5ae844fd6f06c2.9327843915251714534548-150x150.png\" alt=\"\" width=\"150\" height=\"150\" srcset=\"https:\/\/alicom.md\/wp-content\/uploads\/2020\/09\/kisspng-adobe-acrobat-adobe-reader-computer-icons-pdf-down-pdf-5ae844fd6f06c2.9327843915251714534548-150x150.png 150w, https:\/\/alicom.md\/wp-content\/uploads\/2020\/09\/kisspng-adobe-acrobat-adobe-reader-computer-icons-pdf-down-pdf-5ae844fd6f06c2.9327843915251714534548-300x300.png 300w, https:\/\/alicom.md\/wp-content\/uploads\/2020\/09\/kisspng-adobe-acrobat-adobe-reader-computer-icons-pdf-down-pdf-5ae844fd6f06c2.9327843915251714534548-1024x1024.png 1024w, https:\/\/alicom.md\/wp-content\/uploads\/2020\/09\/kisspng-adobe-acrobat-adobe-reader-computer-icons-pdf-down-pdf-5ae844fd6f06c2.9327843915251714534548-768x768.png 768w, https:\/\/alicom.md\/wp-content\/uploads\/2020\/09\/kisspng-adobe-acrobat-adobe-reader-computer-icons-pdf-down-pdf-5ae844fd6f06c2.9327843915251714534548-1536x1536.png 1536w, https:\/\/alicom.md\/wp-content\/uploads\/2020\/09\/kisspng-adobe-acrobat-adobe-reader-computer-icons-pdf-down-pdf-5ae844fd6f06c2.9327843915251714534548-12x12.png 12w, https:\/\/alicom.md\/wp-content\/uploads\/2020\/09\/kisspng-adobe-acrobat-adobe-reader-computer-icons-pdf-down-pdf-5ae844fd6f06c2.9327843915251714534548-600x600.png 600w, https:\/\/alicom.md\/wp-content\/uploads\/2020\/09\/kisspng-adobe-acrobat-adobe-reader-computer-icons-pdf-down-pdf-5ae844fd6f06c2.9327843915251714534548-100x100.png 100w, https:\/\/alicom.md\/wp-content\/uploads\/2020\/09\/kisspng-adobe-acrobat-adobe-reader-computer-icons-pdf-down-pdf-5ae844fd6f06c2.9327843915251714534548.png 2000w\" sizes=\"auto, (max-width: 150px) 100vw, 150px\" \/><\/a><\/p>\n<p><a href=\"https:\/\/alicom.md\/wp-content\/uploads\/2020\/08\/modificat-2-la-30w.pdf\">Instructiune de utiizare corp de iluminat 2X30w<\/a><\/p>","protected":false},"excerpt":{"rendered":"<p>\u0414\u043b\u044f 80 \u043c2, 8000 \u0447\u0430\u0441\u043e\u0432 \u0440\u0430\u0431\u043e\u0442\u044b, 220\u0412\u0442<\/p>\n<p>\u0420\u0430\u0431\u043e\u0442\u0430 \u043e\u0442\u043a\u0440\u044b\u0442\u044b\u0445 \u043b\u0430\u043c\u043f \u0432 \u043f\u0440\u0438\u0441\u0443\u0442\u0441\u0442\u0432\u0438\u0438 \u043b\u044e\u0434\u0435\u0439 \u043d\u0435 \u0434\u043e\u043f\u0443\u0441\u043a\u0430\u0435\u0442\u0441\u044f<\/p>","protected":false},"featured_media":771,"comment_status":"open","ping_status":"closed","template":"","meta":[],"product_brand":[],"product_cat":[18],"product_tag":[],"class_list":{"0":"post-684","1":"product","2":"type-product","3":"status-publish","4":"has-post-thumbnail","6":"product_cat-utilaj-bactericid","8":"first","9":"onbackorder","10":"shipping-taxable","11":"product-type-simple"},"yoast_head":"<!-- This site is optimized with the Yoast SEO plugin v25.9 - https:\/\/yoast.com\/wordpress\/plugins\/seo\/ -->\n<title>Lamp\u0103 Bactericid\u0103 2*30W pe suport cu rotile - ALICOM<\/title>\n<meta name=\"robots\" content=\"index, follow, max-snippet:-1, max-image-preview:large, max-video-preview:-1\" \/>\n<link rel=\"canonical\" href=\"https:\/\/alicom.md\/ru\/shop\/utilaj-bactericid\/lampa-bactericida-230w-suport-cu-rotile\/\" \/>\n<meta property=\"og:locale\" content=\"ru_RU\" \/>\n<meta property=\"og:type\" content=\"article\" \/>\n<meta property=\"og:title\" content=\"Lamp\u0103 Bactericid\u0103 2*30W pe suport cu rotile - ALICOM\" \/>\n<meta property=\"og:description\" content=\"Suprafa\u021ba 80 m2, 8000 ore lucru, 220W  nu permite aflarea persoanelor \u00een \u00eencapere\" \/>\n<meta property=\"og:url\" content=\"https:\/\/alicom.md\/ru\/shop\/utilaj-bactericid\/lampa-bactericida-230w-suport-cu-rotile\/\" \/>\n<meta property=\"og:site_name\" content=\"ALICOM\" \/>\n<meta property=\"article:publisher\" content=\"https:\/\/www.facebook.com\/alicom.md\/\" \/>\n<meta property=\"article:modified_time\" content=\"2026-03-30T09:53:07+00:00\" \/>\n<meta property=\"og:image\" content=\"https:\/\/alicom.md\/wp-content\/uploads\/2020\/12\/5.jpg\" \/>\n\t<meta property=\"og:image:width\" content=\"1200\" \/>\n\t<meta property=\"og:image:height\" content=\"1600\" \/>\n\t<meta property=\"og:image:type\" content=\"image\/jpeg\" \/>\n<meta name=\"twitter:card\" content=\"summary_large_image\" \/>\n<meta name=\"twitter:label1\" content=\"\u041f\u0440\u0438\u043c\u0435\u0440\u043d\u043e\u0435 \u0432\u0440\u0435\u043c\u044f \u0434\u043b\u044f \u0447\u0442\u0435\u043d\u0438\u044f\" \/>\n\t<meta name=\"twitter:data1\" content=\"3 \u043c\u0438\u043d\u0443\u0442\u044b\" \/>\n<script type=\"application\/ld+json\" class=\"yoast-schema-graph\">{\"@context\":\"https:\/\/schema.org\",\"@graph\":[{\"@type\":\"WebPage\",\"@id\":\"https:\/\/alicom.md\/shop\/utilaj-bactericid\/lampa-bactericida-230w-suport-cu-rotile\/\",\"url\":\"https:\/\/alicom.md\/shop\/utilaj-bactericid\/lampa-bactericida-230w-suport-cu-rotile\/\",\"name\":\"Lamp\u0103 Bactericid\u0103 2*30W pe suport cu rotile - ALICOM\",\"isPartOf\":{\"@id\":\"https:\/\/alicom.md\/#website\"},\"primaryImageOfPage\":{\"@id\":\"https:\/\/alicom.md\/shop\/utilaj-bactericid\/lampa-bactericida-230w-suport-cu-rotile\/#primaryimage\"},\"image\":{\"@id\":\"https:\/\/alicom.md\/shop\/utilaj-bactericid\/lampa-bactericida-230w-suport-cu-rotile\/#primaryimage\"},\"thumbnailUrl\":\"https:\/\/alicom.md\/wp-content\/uploads\/2020\/12\/5.jpg\",\"datePublished\":\"2020-12-28T07:52:56+00:00\",\"dateModified\":\"2026-03-30T09:53:07+00:00\",\"breadcrumb\":{\"@id\":\"https:\/\/alicom.md\/shop\/utilaj-bactericid\/lampa-bactericida-230w-suport-cu-rotile\/#breadcrumb\"},\"inLanguage\":\"ru-RU\",\"potentialAction\":[{\"@type\":\"ReadAction\",\"target\":[\"https:\/\/alicom.md\/shop\/utilaj-bactericid\/lampa-bactericida-230w-suport-cu-rotile\/\"]}]},{\"@type\":\"ImageObject\",\"inLanguage\":\"ru-RU\",\"@id\":\"https:\/\/alicom.md\/shop\/utilaj-bactericid\/lampa-bactericida-230w-suport-cu-rotile\/#primaryimage\",\"url\":\"https:\/\/alicom.md\/wp-content\/uploads\/2020\/12\/5.jpg\",\"contentUrl\":\"https:\/\/alicom.md\/wp-content\/uploads\/2020\/12\/5.jpg\",\"width\":1200,\"height\":1600},{\"@type\":\"BreadcrumbList\",\"@id\":\"https:\/\/alicom.md\/shop\/utilaj-bactericid\/lampa-bactericida-230w-suport-cu-rotile\/#breadcrumb\",\"itemListElement\":[{\"@type\":\"ListItem\",\"position\":1,\"name\":\"Prima pagin\u0103\",\"item\":\"https:\/\/alicom.md\/\"},{\"@type\":\"ListItem\",\"position\":2,\"name\":\"Shop\",\"item\":\"https:\/\/alicom.md\/shop\/\"},{\"@type\":\"ListItem\",\"position\":3,\"name\":\"Lamp\u0103 Bactericid\u0103 2*30W pe suport cu rotile\"}]},{\"@type\":\"WebSite\",\"@id\":\"https:\/\/alicom.md\/#website\",\"url\":\"https:\/\/alicom.md\/\",\"name\":\"ALICOM\",\"description\":\"\",\"potentialAction\":[{\"@type\":\"SearchAction\",\"target\":{\"@type\":\"EntryPoint\",\"urlTemplate\":\"https:\/\/alicom.md\/?s={search_term_string}\"},\"query-input\":{\"@type\":\"PropertyValueSpecification\",\"valueRequired\":true,\"valueName\":\"search_term_string\"}}],\"inLanguage\":\"ru-RU\"}]}<\/script>\n<!-- \/ Yoast SEO plugin. -->","yoast_head_json":{"title":"Lamp\u0103 Bactericid\u0103 2*30W pe suport cu rotile - ALICOM","robots":{"index":"index","follow":"follow","max-snippet":"max-snippet:-1","max-image-preview":"max-image-preview:large","max-video-preview":"max-video-preview:-1"},"canonical":"https:\/\/alicom.md\/ru\/shop\/utilaj-bactericid\/lampa-bactericida-230w-suport-cu-rotile\/","og_locale":"ru_RU","og_type":"article","og_title":"Lamp\u0103 Bactericid\u0103 2*30W pe suport cu rotile - ALICOM","og_description":"Suprafa\u021ba 80 m2, 8000 ore lucru, 220W  nu permite aflarea persoanelor \u00een \u00eencapere","og_url":"https:\/\/alicom.md\/ru\/shop\/utilaj-bactericid\/lampa-bactericida-230w-suport-cu-rotile\/","og_site_name":"ALICOM","article_publisher":"https:\/\/www.facebook.com\/alicom.md\/","article_modified_time":"2026-03-30T09:53:07+00:00","og_image":[{"width":1200,"height":1600,"url":"https:\/\/alicom.md\/wp-content\/uploads\/2020\/12\/5.jpg","type":"image\/jpeg"}],"twitter_card":"summary_large_image","twitter_misc":{"\u041f\u0440\u0438\u043c\u0435\u0440\u043d\u043e\u0435 \u0432\u0440\u0435\u043c\u044f \u0434\u043b\u044f \u0447\u0442\u0435\u043d\u0438\u044f":"3 \u043c\u0438\u043d\u0443\u0442\u044b"},"schema":{"@context":"https:\/\/schema.org","@graph":[{"@type":"WebPage","@id":"https:\/\/alicom.md\/shop\/utilaj-bactericid\/lampa-bactericida-230w-suport-cu-rotile\/","url":"https:\/\/alicom.md\/shop\/utilaj-bactericid\/lampa-bactericida-230w-suport-cu-rotile\/","name":"Lamp\u0103 Bactericid\u0103 2*30W pe suport cu rotile - ALICOM","isPartOf":{"@id":"https:\/\/alicom.md\/#website"},"primaryImageOfPage":{"@id":"https:\/\/alicom.md\/shop\/utilaj-bactericid\/lampa-bactericida-230w-suport-cu-rotile\/#primaryimage"},"image":{"@id":"https:\/\/alicom.md\/shop\/utilaj-bactericid\/lampa-bactericida-230w-suport-cu-rotile\/#primaryimage"},"thumbnailUrl":"https:\/\/alicom.md\/wp-content\/uploads\/2020\/12\/5.jpg","datePublished":"2020-12-28T07:52:56+00:00","dateModified":"2026-03-30T09:53:07+00:00","breadcrumb":{"@id":"https:\/\/alicom.md\/shop\/utilaj-bactericid\/lampa-bactericida-230w-suport-cu-rotile\/#breadcrumb"},"inLanguage":"ru-RU","potentialAction":[{"@type":"ReadAction","target":["https:\/\/alicom.md\/shop\/utilaj-bactericid\/lampa-bactericida-230w-suport-cu-rotile\/"]}]},{"@type":"ImageObject","inLanguage":"ru-RU","@id":"https:\/\/alicom.md\/shop\/utilaj-bactericid\/lampa-bactericida-230w-suport-cu-rotile\/#primaryimage","url":"https:\/\/alicom.md\/wp-content\/uploads\/2020\/12\/5.jpg","contentUrl":"https:\/\/alicom.md\/wp-content\/uploads\/2020\/12\/5.jpg","width":1200,"height":1600},{"@type":"BreadcrumbList","@id":"https:\/\/alicom.md\/shop\/utilaj-bactericid\/lampa-bactericida-230w-suport-cu-rotile\/#breadcrumb","itemListElement":[{"@type":"ListItem","position":1,"name":"Prima pagin\u0103","item":"https:\/\/alicom.md\/"},{"@type":"ListItem","position":2,"name":"Shop","item":"https:\/\/alicom.md\/shop\/"},{"@type":"ListItem","position":3,"name":"Lamp\u0103 Bactericid\u0103 2*30W pe suport cu rotile"}]},{"@type":"WebSite","@id":"https:\/\/alicom.md\/#website","url":"https:\/\/alicom.md\/","name":"ALICOM","description":"","potentialAction":[{"@type":"SearchAction","target":{"@type":"EntryPoint","urlTemplate":"https:\/\/alicom.md\/?s={search_term_string}"},"query-input":{"@type":"PropertyValueSpecification","valueRequired":true,"valueName":"search_term_string"}}],"inLanguage":"ru-RU"}]}},"_links":{"self":[{"href":"https:\/\/alicom.md\/ru\/wp-json\/wp\/v2\/product\/684","targetHints":{"allow":["GET"]}}],"collection":[{"href":"https:\/\/alicom.md\/ru\/wp-json\/wp\/v2\/product"}],"about":[{"href":"https:\/\/alicom.md\/ru\/wp-json\/wp\/v2\/types\/product"}],"replies":[{"embeddable":true,"href":"https:\/\/alicom.md\/ru\/wp-json\/wp\/v2\/comments?post=684"}],"wp:featuredmedia":[{"embeddable":true,"href":"https:\/\/alicom.md\/ru\/wp-json\/wp\/v2\/media\/771"}],"wp:attachment":[{"href":"https:\/\/alicom.md\/ru\/wp-json\/wp\/v2\/media?parent=684"}],"wp:term":[{"taxonomy":"product_brand","embeddable":true,"href":"https:\/\/alicom.md\/ru\/wp-json\/wp\/v2\/product_brand?post=684"},{"taxonomy":"product_cat","embeddable":true,"href":"https:\/\/alicom.md\/ru\/wp-json\/wp\/v2\/product_cat?post=684"},{"taxonomy":"product_tag","embeddable":true,"href":"https:\/\/alicom.md\/ru\/wp-json\/wp\/v2\/product_tag?post=684"}],"curies":[{"name":"wp","href":"https:\/\/api.w.org\/{rel}","templated":true}]}}